{"id":29344,"date":"2025-03-10T19:41:09","date_gmt":"2025-03-10T19:41:09","guid":{"rendered":"https:\/\/philadelphia.tgrlearninglab.org\/guia-de-tractionrec\/"},"modified":"2025-12-13T15:22:58","modified_gmt":"2025-12-13T15:22:58","slug":"guia-de-tractionrec","status":"publish","type":"page","link":"https:\/\/philadelphia.tgrlearninglab.org\/es\/guia-de-tractionrec\/","title":{"rendered":"Gu\u00eda de TractionRec"},"content":{"rendered":"\t\t<div data-elementor-type=\"wp-page\" data-elementor-id=\"29344\" class=\"elementor elementor-29344 elementor-24313\" data-elementor-post-type=\"page\">\n\t\t\t\t<div class=\"elementor-element elementor-element-a3179f2 e-flex e-con-boxed e-con e-parent\" data-id=\"a3179f2\" data-element_type=\"container\" data-settings=\"{&quot;background_background&quot;:&quot;classic&quot;,&quot;jet_parallax_layout_list&quot;:[]}\">\n\t\t\t\t\t<div class=\"e-con-inner\">\n\t\t\t\t\t<\/div>\n\t\t\t\t<\/div>\n\t\t<div class=\"elementor-element elementor-element-56372ae6 e-flex e-con-boxed e-con e-parent\" data-id=\"56372ae6\" data-element_type=\"container\" data-settings=\"{&quot;jet_parallax_layout_list&quot;:[]}\">\n\t\t\t\t\t<div class=\"e-con-inner\">\n\t\t\t\t<div class=\"elementor-element elementor-element-07a77fc elementor-widget elementor-widget-spacer\" data-id=\"07a77fc\" data-element_type=\"widget\" data-widget_type=\"spacer.default\">\n\t\t\t\t<div class=\"elementor-widget-container\">\n\t\t\t\t\t\t\t<div class=\"elementor-spacer\">\n\t\t\t<div class=\"elementor-spacer-inner\"><\/div>\n\t\t<\/div>\n\t\t\t\t\t\t<\/div>\n\t\t\t\t<\/div>\n\t\t\t\t<div class=\"elementor-element elementor-element-1057c8bd elementor-widget elementor-widget-heading\" data-id=\"1057c8bd\" data-element_type=\"widget\" data-widget_type=\"heading.default\">\n\t\t\t\t<div class=\"elementor-widget-container\">\n\t\t\t\t\t<h1 class=\"elementor-heading-title elementor-size-default\">\u00a1\u00daNETE A LA COMUNIDAD DEL LABORATORIO DE APRENDIZAJE DE TGR! <\/h1>\t\t\t\t<\/div>\n\t\t\t\t<\/div>\n\t\t\t\t<div class=\"elementor-element elementor-element-f01b87e elementor-widget elementor-widget-text-editor\" data-id=\"f01b87e\" data-element_type=\"widget\" data-widget_type=\"text-editor.default\">\n\t\t\t\t<div class=\"elementor-widget-container\">\n\t\t\t\t\t\t\t\t\tPrimero, crear\u00e1s y verificar\u00e1s tu cuenta. \t\t\t\t\t\t\t\t<\/div>\n\t\t\t\t<\/div>\n\t\t\t\t<div class=\"elementor-element elementor-element-0d79997 elementor-widget elementor-widget-spacer\" data-id=\"0d79997\" data-element_type=\"widget\" data-widget_type=\"spacer.default\">\n\t\t\t\t<div class=\"elementor-widget-container\">\n\t\t\t\t\t\t\t<div class=\"elementor-spacer\">\n\t\t\t<div class=\"elementor-spacer-inner\"><\/div>\n\t\t<\/div>\n\t\t\t\t\t\t<\/div>\n\t\t\t\t<\/div>\n\t\t\t\t<div class=\"elementor-element elementor-element-585306f elementor-widget elementor-widget-heading\" data-id=\"585306f\" data-element_type=\"widget\" data-widget_type=\"heading.default\">\n\t\t\t\t<div class=\"elementor-widget-container\">\n\t\t\t\t\t<h2 class=\"elementor-heading-title elementor-size-default\">C\u00d3MO CREAR UNA CUENTA:<\/h2>\t\t\t\t<\/div>\n\t\t\t\t<\/div>\n\t\t\t\t<div class=\"elementor-element elementor-element-345cc5d2 elementor-widget elementor-widget-text-editor\" data-id=\"345cc5d2\" data-element_type=\"widget\" data-widget_type=\"text-editor.default\">\n\t\t\t\t<div class=\"elementor-widget-container\">\n\t\t\t\t\t\t\t\t\t<p><strong>STEP 1:<\/strong> Navegar a: <a href=\"https:\/\/tgrfoundation.my.site.com\/s\/login\/?ec=302&amp;startURL=%2Fs%2F\">https:\/\/tgrfoundation.my.site.com\/s\/login\/?ec=302&amp;startURL=%2Fs%2F<\/a><br><strong>STEP 2:<\/strong> Hacer clic \u00abCreate Account\u00bb.<br><strong>STEP 3:<\/strong> Complete la informaci\u00f3n requerida con los datos del PADRE\/MADRE. Nota: Solo los campos marcados con un * son obligatorios. <br><strong>STEP 4:<\/strong> Seleccione la opci\u00f3n \u00abParent\/Guardian\u00bb.<br><strong>STEP 5:<\/strong> Hacer clic \u00abSubmit\u00bb.<br><strong>STEP 6:<\/strong> Para verificar tu cuenta, revisa tu correo electr\u00f3nico. Busca en la bandeja de entrada el correo electr\u00f3nico que ingresaste en el formulario de registro. <br><strong>STEP 7:<\/strong> Localice el mensaje \u00abWelcome to TGR Labs\u00bb y haga clic en el enlace proporcionado.<br><strong>STEP 8:<\/strong> Introduzca una contrase\u00f1a y haga clic \u00abChange Password\u00bb.<\/p>\t\t\t\t\t\t\t\t<\/div>\n\t\t\t\t<\/div>\n\t\t\t\t<div class=\"elementor-element elementor-element-55229a64 elementor-widget elementor-widget-text-editor\" data-id=\"55229a64\" data-element_type=\"widget\" data-widget_type=\"text-editor.default\">\n\t\t\t\t<div class=\"elementor-widget-container\">\n\t\t\t\t\t\t\t\t\tA continuaci\u00f3n, deber\u00e1 crear un contacto para el\/los estudiante(s) de su hogar. \t\t\t\t\t\t\t\t<\/div>\n\t\t\t\t<\/div>\n\t\t\t\t\t<\/div>\n\t\t\t\t<\/div>\n\t\t<div class=\"elementor-element elementor-element-06c565f e-flex e-con-boxed e-con e-parent\" data-id=\"06c565f\" data-element_type=\"container\" data-settings=\"{&quot;jet_parallax_layout_list&quot;:[]}\">\n\t\t\t\t\t<div class=\"e-con-inner\">\n\t\t\t\t<div class=\"elementor-element elementor-element-e82468f elementor-widget elementor-widget-heading\" data-id=\"e82468f\" data-element_type=\"widget\" data-widget_type=\"heading.default\">\n\t\t\t\t<div class=\"elementor-widget-container\">\n\t\t\t\t\t<h2 class=\"elementor-heading-title elementor-size-default\">C\u00d3MO CREAR UN CONTACTO<\/h2>\t\t\t\t<\/div>\n\t\t\t\t<\/div>\n\t\t\t\t<div class=\"elementor-element elementor-element-d7fbfc7 elementor-widget elementor-widget-text-editor\" data-id=\"d7fbfc7\" data-element_type=\"widget\" data-widget_type=\"text-editor.default\">\n\t\t\t\t<div class=\"elementor-widget-container\">\n\t\t\t\t\t\t\t\t\t<strong>STEP 9:<\/strong> Hacer clic \u00abCreate a New Contact\u00bb. \n\n<strong>STEP 10:<\/strong> Ingrese la informaci\u00f3n requerida del ESTUDIANTE. \n<br><strong>STEP 11:<\/strong> Hacer clic \u00abSave\u00bb.<br><br><strong>STEP 11b<\/strong> (si es necesario): crear contactos adicionales para estudiantes adicionales.\t\t\t\t\t\t\t\t<\/div>\n\t\t\t\t<\/div>\n\t\t\t\t<div class=\"elementor-element elementor-element-95d54f5 elementor-widget elementor-widget-text-editor\" data-id=\"95d54f5\" data-element_type=\"widget\" data-widget_type=\"text-editor.default\">\n\t\t\t\t<div class=\"elementor-widget-container\">\n\t\t\t\t\t\t\t\t\tUna vez que hayas configurado tu cuenta y tus contactos, \u00a1estar\u00e1s listo para registrarte en un curso, taller o evento comunitario! Contin\u00faa en la p\u00e1gina siguiente.  \t\t\t\t\t\t\t\t<\/div>\n\t\t\t\t<\/div>\n\t\t\t\t\t<\/div>\n\t\t\t\t<\/div>\n\t\t<div class=\"elementor-element elementor-element-d7634c9 e-flex e-con-boxed e-con e-parent\" data-id=\"d7634c9\" data-element_type=\"container\" data-settings=\"{&quot;jet_parallax_layout_list&quot;:[]}\">\n\t\t\t\t\t<div class=\"e-con-inner\">\n\t\t\t\t<div class=\"elementor-element elementor-element-6bc8a2f elementor-widget elementor-widget-heading\" data-id=\"6bc8a2f\" data-element_type=\"widget\" data-widget_type=\"heading.default\">\n\t\t\t\t<div class=\"elementor-widget-container\">\n\t\t\t\t\t<h2 class=\"elementor-heading-title elementor-size-default\">C\u00d3MO INSCRIBIRSE EN CURSOS, TALLERES Y EVENTOS<\/h2>\t\t\t\t<\/div>\n\t\t\t\t<\/div>\n\t\t\t\t<div class=\"elementor-element elementor-element-054f3d7 elementor-widget elementor-widget-text-editor\" data-id=\"054f3d7\" data-element_type=\"widget\" data-widget_type=\"text-editor.default\">\n\t\t\t\t<div class=\"elementor-widget-container\">\n\t\t\t\t\t\t\t\t\t<p><strong>STEP 12:<\/strong> Hacer clic \u201cRegister Now\u201d desde la barra de men\u00fa en la parte superior de la p\u00e1gina.<\/p><p><strong>STEP 13:<\/strong> Utilice el men\u00fa de la izquierda para ver los cursos y las opciones de programaci\u00f3n. Puede leer las descripciones en nuestra <a href=\"https:\/\/philadelphia.tgrlearninglab.org\/wp-content\/uploads\/2025\/03\/Program-Catalog_TGRLL-Spring-2025-3.pdf\" target=\"_blank\" rel=\"noopener\">Program Catalog<\/a>. <\/p><ul><li>Note: Nota: Si tienes problemas para encontrar el curso que buscas, puedes usar la barra de b\u00fasqueda de la izquierda. Si buscas un tipo de programaci\u00f3n en particular, prueba con palabras clave. Por ejemplo, puedes buscar \u00abcollege\u00bb o \u00abcareer\u00bb para ver nuestras opciones de universidad y carrera.  <p><strong>STEP 14:<\/strong> Seleccione un curso y haga clic \u201cEnroll\u201d.<\/p><p><strong>STEP 15:<\/strong> Haga clic \u201cSelect\u201d para el contacto que desea registrar.<\/p><p><strong>STEP 16:<\/strong> Haga clic \u201cSave\u201d en la esquina inferior derecha de la ventana emergente.<\/p><p><strong>STEP 17:<\/strong> Haga clic \u201cNext\u201d en la barra de progreso para continuar con las preguntas. Espere a que se carguen antes de continuar. <\/p><p><strong>STEP 18:<\/strong> Haga clic \u201cStudent First Student Last\u201d.<\/p><p><strong>STEP 19:<\/strong> Complete el cuestionario y haga clic \u201cNext\u201d.<br>Nota: Solo se requieren campos con un * al lado de ellos.<\/p><p><strong>STEP 20:<\/strong> Para cada documento enumerado en Contratos, haga clic en \u201cSign\u201d y siga las instrucciones para imprimir su nombre, agregar una firma electr\u00f3nica y hacer clic \u201cComplete\u201d.<\/p><p><strong>FINAL STEP:<\/strong> Una vez firmados todos los contratos, haga clic en \u201cNext\u201d para finalizar el registro.<\/p><\/li><\/ul>\t\t\t\t\t\t\t\t<\/div>\n\t\t\t\t<\/div>\n\t\t\t\t<div class=\"elementor-element elementor-element-3c7b94a elementor-hidden-widescreen elementor-hidden-desktop elementor-hidden-laptop elementor-hidden-tablet_extra elementor-hidden-tablet elementor-hidden-mobile_extra elementor-hidden-mobile elementor-widget elementor-widget-text-editor\" data-id=\"3c7b94a\" data-element_type=\"widget\" data-widget_type=\"text-editor.default\">\n\t\t\t\t<div class=\"elementor-widget-container\">\n\t\t\t\t\t\t\t\t\t<a href=\"https:\/\/scribehow.com\/shared\/Creating_an_Account_and_Enrolling_in_TGR_Learning_Labs__bvbqR2QzQlqgvNkQ0c3gKA\" target=\"_blank\">Haga clic aqu\u00ed para ver los pasos<\/a>\t\t\t\t\t\t\t\t<\/div>\n\t\t\t\t<\/div>\n\t\t\t\t<div class=\"elementor-element elementor-element-68ad7c1 elementor-widget elementor-widget-spacer\" data-id=\"68ad7c1\" data-element_type=\"widget\" data-widget_type=\"spacer.default\">\n\t\t\t\t<div class=\"elementor-widget-container\">\n\t\t\t\t\t\t\t<div class=\"elementor-spacer\">\n\t\t\t<div class=\"elementor-spacer-inner\"><\/div>\n\t\t<\/div>\n\t\t\t\t\t\t<\/div>\n\t\t\t\t<\/div>\n\t\t\t\t\t<\/div>\n\t\t\t\t<\/div>\n\t\t<div class=\"elementor-element elementor-element-d7b59b8 elementor-hidden-widescreen elementor-hidden-desktop elementor-hidden-laptop elementor-hidden-tablet_extra elementor-hidden-tablet elementor-hidden-mobile_extra elementor-hidden-mobile e-flex e-con-boxed e-con e-parent\" data-id=\"d7b59b8\" data-element_type=\"container\" data-settings=\"{&quot;jet_parallax_layout_list&quot;:[]}\">\n\t\t\t\t\t<div class=\"e-con-inner\">\n\t\t\t\t<div class=\"elementor-element elementor-element-be3f460 elementor-widget elementor-widget-heading\" data-id=\"be3f460\" data-element_type=\"widget\" data-widget_type=\"heading.default\">\n\t\t\t\t<div class=\"elementor-widget-container\">\n\t\t\t\t\t<h3 class=\"elementor-heading-title elementor-size-default\">DEFINICIONES \u00daTILES<\/h3>\t\t\t\t<\/div>\n\t\t\t\t<\/div>\n\t\t\t\t<div class=\"elementor-element elementor-element-f4b9693 elementor-widget elementor-widget-text-editor\" data-id=\"f4b9693\" data-element_type=\"widget\" data-widget_type=\"text-editor.default\">\n\t\t\t\t<div class=\"elementor-widget-container\">\n\t\t\t\t\t\t\t\t\t<p>Acceso a TractionRec<br>Hay dos maneras de acceder a TractionRec: <\/p>\n<ul>\n<li>La p\u00e1gina de la comunidad es el punto de entrada para los miembros de la comunidad cuando se registran o inician sesi\u00f3n en TractionRec.\n<\/li>\n<li>\nLos enlaces utilizados en la p\u00e1gina web de TGR son enlaces profundos que, al hacer clic, dirigen a los usuarios directamente a TractionRec para explorar los programas que ofrecemos. Al usar un enlace profundo, todos los usuarios acceden a TractionRec a trav\u00e9s de una cuenta de invitado. Si seleccionan un programa para registrarse, se les pedir\u00e1 que inicien sesi\u00f3n o se registren. Esta ser\u00e1 la principal v\u00eda de acceso a TractionRec.   \n<\/li>\n<\/ul>\t\t\t\t\t\t\t\t<\/div>\n\t\t\t\t<\/div>\n\t\t\t\t<div class=\"elementor-element elementor-element-092d2cd elementor-widget elementor-widget-text-editor\" data-id=\"092d2cd\" data-element_type=\"widget\" data-widget_type=\"text-editor.default\">\n\t\t\t\t<div class=\"elementor-widget-container\">\n\t\t\t\t\t\t\t\t\t<p><b><u>Registro y Membres\u00eda<\/u><\/b><br><\/p>\n<ul>\n<li>\nRegistrarse es crear una cuenta con TractionRec.\n<\/li>\n<li>Tambi\u00e9n puedes registrarte en un programa en TractionRec.\n<\/li>\n<li>\nLos estudiantes obtienen una membres\u00eda al inscribirse en un curso o recibir apoyo acad\u00e9mico durante esa sesi\u00f3n. Una vez creada, tienen acceso a los espacios designados del Laboratorio de Aprendizaje mediante sus credenciales. El t\u00e9rmino \u00abMembres\u00eda\u00bb se usa con frecuencia en el sitio web y en los materiales promocionales. En resumen, significa que el estudiante est\u00e1 registrado y tiene acceso al laboratorio durante la sesi\u00f3n.   \n<\/li>\n<\/ul>\t\t\t\t\t\t\t\t<\/div>\n\t\t\t\t<\/div>\n\t\t\t\t<div class=\"elementor-element elementor-element-5d2c8b8 elementor-widget elementor-widget-text-editor\" data-id=\"5d2c8b8\" data-element_type=\"widget\" data-widget_type=\"text-editor.default\">\n\t\t\t\t<div class=\"elementor-widget-container\">\n\t\t\t\t\t\t\t\t\t<p><b><u>Hogares y contactos<\/u><\/b><br><\/p>\n<ul>\n<li>\nEn TractionRec, los miembros de la comunidad crear\u00e1n una cuenta de hogar. Esto les permitir\u00e1 crear y administrar los contactos dentro de su hogar. \n<\/li>\n<li>En TractionRec, se crea un contacto para una sola persona. Se pueden tener varios contactos en la misma cuenta dom\u00e9stica. \n<\/li>\n<\/ul>\n<p>Por ejemplo, un padre puede crear una cuenta familiar con dos contactos, uno para cada uno de sus hijos. <\/p>\t\t\t\t\t\t\t\t<\/div>\n\t\t\t\t<\/div>\n\t\t\t\t<div class=\"elementor-element elementor-element-5866727 elementor-widget elementor-widget-text-editor\" data-id=\"5866727\" data-element_type=\"widget\" data-widget_type=\"text-editor.default\">\n\t\t\t\t<div class=\"elementor-widget-container\">\n\t\t\t\t\t\t\t\t\t<p><b><u>Otras definiciones que debes conocer<\/u><\/b><br><\/p>\n<ul>\n<li>\nLa exenci\u00f3n de responsabilidad de los padres es uno de los documentos obligatorios que deben firmarse electr\u00f3nicamente antes de que un estudiante pueda participar en la programaci\u00f3n del Laboratorio. Se les solicitar\u00e1 a los usuarios que la completen durante el proceso de registro inicial. Una vez firmada, la exenci\u00f3n tiene una validez de un a\u00f1o.  \n<\/li>\n<\/ul>\t\t\t\t\t\t\t\t<\/div>\n\t\t\t\t<\/div>\n\t\t\t\t\t<\/div>\n\t\t\t\t<\/div>\n\t\t\t\t<\/div>\n\t\t","protected":false},"excerpt":{"rendered":"<p>\u00a1\u00daNETE A LA COMUNIDAD DEL LABORATORIO DE APRENDIZAJE DE TGR! Primero, crear\u00e1s y verificar\u00e1s tu cuenta. C\u00d3MO CREAR UNA CUENTA: STEP 1: Navegar a: https:\/\/tgrfoundation.my.site.com\/s\/login\/?ec=302&amp;startURL=%2Fs%2FSTEP 2: Hacer clic \u00abCreate Account\u00bb.STEP 3: Complete la informaci\u00f3n requerida con los datos del PADRE\/MADRE. Nota: Solo los campos marcados con un * son obligatorios. STEP 4: Seleccione la opci\u00f3n [&hellip;]<\/p>\n","protected":false},"author":22,"featured_media":0,"parent":0,"menu_order":0,"comment_status":"closed","ping_status":"closed","template":"elementor_header_footer","meta":{"_acf_changed":false,"footnotes":""},"class_list":["post-29344","page","type-page","status-publish","hentry"],"acf":[],"yoast_head":"<!-- This site is optimized with the Yoast SEO plugin v24.7 - https:\/\/yoast.com\/wordpress\/plugins\/seo\/ -->\n<title>Gu\u00eda de TractionRec - TGR Learning Labs - Philadelphia<\/title>\n<meta name=\"description\" content=\"\u00a1\u00daNETE A LA COMUNIDAD DEL LABORATORIO DE APRENDIZAJE DE TGR! Primero, crear\u00e1s y verificar\u00e1s tu cuenta. C\u00d3MO CREAR UNA CUENTA: STEP 1: Navegar a:\" \/>\n<meta name=\"robots\" content=\"index, follow, max-snippet:-1, max-image-preview:large, max-video-preview:-1\" \/>\n<link rel=\"canonical\" href=\"https:\/\/philadelphia.tgrlearninglab.org\/es\/guia-de-tractionrec\/\" \/>\n<meta property=\"og:locale\" content=\"es_ES\" \/>\n<meta property=\"og:type\" content=\"article\" \/>\n<meta property=\"og:title\" content=\"Gu\u00eda de TractionRec - TGR Learning Labs - Philadelphia\" \/>\n<meta property=\"og:description\" content=\"\u00a1\u00daNETE A LA COMUNIDAD DEL LABORATORIO DE APRENDIZAJE DE TGR! Primero, crear\u00e1s y verificar\u00e1s tu cuenta. C\u00d3MO CREAR UNA CUENTA: STEP 1: Navegar a:\" \/>\n<meta property=\"og:url\" content=\"https:\/\/philadelphia.tgrlearninglab.org\/es\/guia-de-tractionrec\/\" \/>\n<meta property=\"og:site_name\" content=\"TGR Learning Labs - Philadelphia\" \/>\n<meta property=\"article:modified_time\" content=\"2025-12-13T15:22:58+00:00\" \/>\n<meta property=\"og:image\" content=\"https:\/\/philadelphia.tgrlearninglab.org\/wp-content\/uploads\/2025\/03\/banner_1_home-2.jpg\" \/>\n\t<meta property=\"og:image:width\" content=\"1067\" \/>\n\t<meta property=\"og:image:height\" content=\"547\" \/>\n\t<meta property=\"og:image:type\" content=\"image\/jpeg\" \/>\n<meta name=\"twitter:card\" content=\"summary_large_image\" \/>\n<meta name=\"twitter:label1\" content=\"Tiempo de lectura\" \/>\n\t<meta name=\"twitter:data1\" content=\"4 minutos\" \/>\n<script type=\"application\/ld+json\" class=\"yoast-schema-graph\">{\"@context\":\"https:\/\/schema.org\",\"@graph\":[{\"@type\":\"WebPage\",\"@id\":\"https:\/\/philadelphia.tgrlearninglab.org\/es\/guia-de-tractionrec\/\",\"url\":\"https:\/\/philadelphia.tgrlearninglab.org\/es\/guia-de-tractionrec\/\",\"name\":\"Gu\u00eda de TractionRec - TGR Learning Labs - Philadelphia\",\"isPartOf\":{\"@id\":\"https:\/\/philadelphia.tgrlearninglab.org\/es\/#website\"},\"datePublished\":\"2025-03-10T19:41:09+00:00\",\"dateModified\":\"2025-12-13T15:22:58+00:00\",\"description\":\"\u00a1\u00daNETE A LA COMUNIDAD DEL LABORATORIO DE APRENDIZAJE DE TGR! Primero, crear\u00e1s y verificar\u00e1s tu cuenta. C\u00d3MO CREAR UNA CUENTA: STEP 1: Navegar a:\",\"breadcrumb\":{\"@id\":\"https:\/\/philadelphia.tgrlearninglab.org\/es\/guia-de-tractionrec\/#breadcrumb\"},\"inLanguage\":\"es\",\"potentialAction\":[{\"@type\":\"ReadAction\",\"target\":[\"https:\/\/philadelphia.tgrlearninglab.org\/es\/guia-de-tractionrec\/\"]}]},{\"@type\":\"BreadcrumbList\",\"@id\":\"https:\/\/philadelphia.tgrlearninglab.org\/es\/guia-de-tractionrec\/#breadcrumb\",\"itemListElement\":[{\"@type\":\"ListItem\",\"position\":1,\"name\":\"Home\",\"item\":\"https:\/\/philadelphia.tgrlearninglab.org\/es\/\"},{\"@type\":\"ListItem\",\"position\":2,\"name\":\"Gu\u00eda de TractionRec\"}]},{\"@type\":\"WebSite\",\"@id\":\"https:\/\/philadelphia.tgrlearninglab.org\/es\/#website\",\"url\":\"https:\/\/philadelphia.tgrlearninglab.org\/es\/\",\"name\":\"TGR Learning Labs - Philadelphia\",\"description\":\"Empowering Students to Pursue Their Passions Through Education\",\"publisher\":{\"@id\":\"https:\/\/philadelphia.tgrlearninglab.org\/es\/#organization\"},\"potentialAction\":[{\"@type\":\"SearchAction\",\"target\":{\"@type\":\"EntryPoint\",\"urlTemplate\":\"https:\/\/philadelphia.tgrlearninglab.org\/es\/?s={search_term_string}\"},\"query-input\":{\"@type\":\"PropertyValueSpecification\",\"valueRequired\":true,\"valueName\":\"search_term_string\"}}],\"inLanguage\":\"es\"},{\"@type\":\"Organization\",\"@id\":\"https:\/\/philadelphia.tgrlearninglab.org\/es\/#organization\",\"name\":\"TGR Foundation\",\"url\":\"https:\/\/philadelphia.tgrlearninglab.org\/es\/\",\"logo\":{\"@type\":\"ImageObject\",\"inLanguage\":\"es\",\"@id\":\"https:\/\/philadelphia.tgrlearninglab.org\/es\/#\/schema\/logo\/image\/\",\"url\":\"https:\/\/philadelphia.tgrlearninglab.org\/wp-content\/uploads\/2024\/11\/Logo-2.svg\",\"contentUrl\":\"https:\/\/philadelphia.tgrlearninglab.org\/wp-content\/uploads\/2024\/11\/Logo-2.svg\",\"width\":248,\"height\":56,\"caption\":\"TGR Foundation\"},\"image\":{\"@id\":\"https:\/\/philadelphia.tgrlearninglab.org\/es\/#\/schema\/logo\/image\/\"}}]}<\/script>\n<!-- \/ Yoast SEO plugin. -->","yoast_head_json":{"title":"Gu\u00eda de TractionRec - TGR Learning Labs - Philadelphia","description":"\u00a1\u00daNETE A LA COMUNIDAD DEL LABORATORIO DE APRENDIZAJE DE TGR! Primero, crear\u00e1s y verificar\u00e1s tu cuenta. C\u00d3MO CREAR UNA CUENTA: STEP 1: Navegar a:","robots":{"index":"index","follow":"follow","max-snippet":"max-snippet:-1","max-image-preview":"max-image-preview:large","max-video-preview":"max-video-preview:-1"},"canonical":"https:\/\/philadelphia.tgrlearninglab.org\/es\/guia-de-tractionrec\/","og_locale":"es_ES","og_type":"article","og_title":"Gu\u00eda de TractionRec - TGR Learning Labs - Philadelphia","og_description":"\u00a1\u00daNETE A LA COMUNIDAD DEL LABORATORIO DE APRENDIZAJE DE TGR! Primero, crear\u00e1s y verificar\u00e1s tu cuenta. C\u00d3MO CREAR UNA CUENTA: STEP 1: Navegar a:","og_url":"https:\/\/philadelphia.tgrlearninglab.org\/es\/guia-de-tractionrec\/","og_site_name":"TGR Learning Labs - Philadelphia","article_modified_time":"2025-12-13T15:22:58+00:00","og_image":[{"width":1067,"height":547,"url":"https:\/\/philadelphia.tgrlearninglab.org\/wp-content\/uploads\/2025\/03\/banner_1_home-2.jpg","type":"image\/jpeg"}],"twitter_card":"summary_large_image","twitter_misc":{"Tiempo de lectura":"4 minutos"},"schema":{"@context":"https:\/\/schema.org","@graph":[{"@type":"WebPage","@id":"https:\/\/philadelphia.tgrlearninglab.org\/es\/guia-de-tractionrec\/","url":"https:\/\/philadelphia.tgrlearninglab.org\/es\/guia-de-tractionrec\/","name":"Gu\u00eda de TractionRec - TGR Learning Labs - Philadelphia","isPartOf":{"@id":"https:\/\/philadelphia.tgrlearninglab.org\/es\/#website"},"datePublished":"2025-03-10T19:41:09+00:00","dateModified":"2025-12-13T15:22:58+00:00","description":"\u00a1\u00daNETE A LA COMUNIDAD DEL LABORATORIO DE APRENDIZAJE DE TGR! Primero, crear\u00e1s y verificar\u00e1s tu cuenta. C\u00d3MO CREAR UNA CUENTA: STEP 1: Navegar a:","breadcrumb":{"@id":"https:\/\/philadelphia.tgrlearninglab.org\/es\/guia-de-tractionrec\/#breadcrumb"},"inLanguage":"es","potentialAction":[{"@type":"ReadAction","target":["https:\/\/philadelphia.tgrlearninglab.org\/es\/guia-de-tractionrec\/"]}]},{"@type":"BreadcrumbList","@id":"https:\/\/philadelphia.tgrlearninglab.org\/es\/guia-de-tractionrec\/#breadcrumb","itemListElement":[{"@type":"ListItem","position":1,"name":"Home","item":"https:\/\/philadelphia.tgrlearninglab.org\/es\/"},{"@type":"ListItem","position":2,"name":"Gu\u00eda de TractionRec"}]},{"@type":"WebSite","@id":"https:\/\/philadelphia.tgrlearninglab.org\/es\/#website","url":"https:\/\/philadelphia.tgrlearninglab.org\/es\/","name":"TGR Learning Labs - Philadelphia","description":"Empowering Students to Pursue Their Passions Through Education","publisher":{"@id":"https:\/\/philadelphia.tgrlearninglab.org\/es\/#organization"},"potentialAction":[{"@type":"SearchAction","target":{"@type":"EntryPoint","urlTemplate":"https:\/\/philadelphia.tgrlearninglab.org\/es\/?s={search_term_string}"},"query-input":{"@type":"PropertyValueSpecification","valueRequired":true,"valueName":"search_term_string"}}],"inLanguage":"es"},{"@type":"Organization","@id":"https:\/\/philadelphia.tgrlearninglab.org\/es\/#organization","name":"TGR Foundation","url":"https:\/\/philadelphia.tgrlearninglab.org\/es\/","logo":{"@type":"ImageObject","inLanguage":"es","@id":"https:\/\/philadelphia.tgrlearninglab.org\/es\/#\/schema\/logo\/image\/","url":"https:\/\/philadelphia.tgrlearninglab.org\/wp-content\/uploads\/2024\/11\/Logo-2.svg","contentUrl":"https:\/\/philadelphia.tgrlearninglab.org\/wp-content\/uploads\/2024\/11\/Logo-2.svg","width":248,"height":56,"caption":"TGR Foundation"},"image":{"@id":"https:\/\/philadelphia.tgrlearninglab.org\/es\/#\/schema\/logo\/image\/"}}]}},"featured_image_src":null,"featured_image_src_square":null,"_links":{"self":[{"href":"https:\/\/philadelphia.tgrlearninglab.org\/es\/wp-json\/wp\/v2\/pages\/29344","targetHints":{"allow":["GET"]}}],"collection":[{"href":"https:\/\/philadelphia.tgrlearninglab.org\/es\/wp-json\/wp\/v2\/pages"}],"about":[{"href":"https:\/\/philadelphia.tgrlearninglab.org\/es\/wp-json\/wp\/v2\/types\/page"}],"author":[{"embeddable":true,"href":"https:\/\/philadelphia.tgrlearninglab.org\/es\/wp-json\/wp\/v2\/users\/22"}],"replies":[{"embeddable":true,"href":"https:\/\/philadelphia.tgrlearninglab.org\/es\/wp-json\/wp\/v2\/comments?post=29344"}],"version-history":[{"count":0,"href":"https:\/\/philadelphia.tgrlearninglab.org\/es\/wp-json\/wp\/v2\/pages\/29344\/revisions"}],"wp:attachment":[{"href":"https:\/\/philadelphia.tgrlearninglab.org\/es\/wp-json\/wp\/v2\/media?parent=29344"}],"curies":[{"name":"wp","href":"https:\/\/api.w.org\/{rel}","templated":true}]}}