{"id":29345,"date":"2025-02-28T17:56:01","date_gmt":"2025-02-28T17:56:01","guid":{"rendered":"https:\/\/philadelphia.tgrlearninglab.org\/comunidad-de-educadores\/"},"modified":"2025-12-15T00:29:59","modified_gmt":"2025-12-15T00:29:59","slug":"comunidad-de-educadores","status":"publish","type":"page","link":"https:\/\/philadelphia.tgrlearninglab.org\/es\/programas-educativos\/comunidad-de-educadores\/","title":{"rendered":"Comunidad de educadores"},"content":{"rendered":"\t\t<div data-elementor-type=\"wp-page\" data-elementor-id=\"29345\" class=\"elementor elementor-29345 elementor-24267\" data-elementor-post-type=\"page\">\n\t\t\t\t<div class=\"elementor-element elementor-element-d9f7238 e-con-full e-flex e-con e-parent\" data-id=\"d9f7238\" data-element_type=\"container\" data-settings=\"{&quot;background_background&quot;:&quot;classic&quot;,&quot;jet_parallax_layout_list&quot;:[]}\">\n\t\t<div class=\"elementor-element elementor-element-40edbef e-con-full e-flex e-con e-child\" data-id=\"40edbef\" data-element_type=\"container\" data-settings=\"{&quot;background_background&quot;:&quot;classic&quot;,&quot;jet_parallax_layout_list&quot;:[]}\">\n\t\t\t\t<div class=\"elementor-element elementor-element-2c7a0b6 elementor-widget elementor-widget-heading\" data-id=\"2c7a0b6\" data-element_type=\"widget\" data-widget_type=\"heading.default\">\n\t\t\t\t<div class=\"elementor-widget-container\">\n\t\t\t\t\t<h1 class=\"elementor-heading-title elementor-size-default\">Para<\/h1>\t\t\t\t<\/div>\n\t\t\t\t<\/div>\n\t\t\t\t<div class=\"elementor-element elementor-element-8fc445c elementor-widget elementor-widget-heading\" data-id=\"8fc445c\" data-element_type=\"widget\" data-widget_type=\"heading.default\">\n\t\t\t\t<div class=\"elementor-widget-container\">\n\t\t\t\t\t<h1 class=\"elementor-heading-title elementor-size-default\">Educadores\n<\/h1>\t\t\t\t<\/div>\n\t\t\t\t<\/div>\n\t\t\t\t<\/div>\n\t\t\t\t<\/div>\n\t\t<div class=\"elementor-element elementor-element-320b000 e-flex e-con-boxed e-con e-parent\" data-id=\"320b000\" data-element_type=\"container\" data-settings=\"{&quot;jet_parallax_layout_list&quot;:[]}\">\n\t\t\t\t\t<div class=\"e-con-inner\">\n\t\t\t\t<div class=\"elementor-element elementor-element-ecadcfc elementor-widget elementor-widget-heading\" data-id=\"ecadcfc\" data-element_type=\"widget\" data-widget_type=\"heading.default\">\n\t\t\t\t<div class=\"elementor-widget-container\">\n\t\t\t\t\t<h2 class=\"elementor-heading-title elementor-size-default\">TGR FOUNDATION comunidad de educadores<\/h2>\t\t\t\t<\/div>\n\t\t\t\t<\/div>\n\t\t<div class=\"elementor-element elementor-element-8d9074a e-con-full e-flex e-con e-child\" data-id=\"8d9074a\" data-element_type=\"container\" data-settings=\"{&quot;jet_parallax_layout_list&quot;:[]}\">\n\t\t\t\t<div class=\"elementor-element elementor-element-258ca08 elementor-widget elementor-widget-text-editor\" data-id=\"258ca08\" data-element_type=\"widget\" data-widget_type=\"text-editor.default\">\n\t\t\t\t<div class=\"elementor-widget-container\">\n\t\t\t\t\t\t\t\t\t<h4>Conectando educadores, construyendo equidad educativa<\/h4>\t\t\t\t\t\t\t\t<\/div>\n\t\t\t\t<\/div>\n\t\t\t\t<\/div>\n\t\t\t\t\t<\/div>\n\t\t\t\t<\/div>\n\t\t<div class=\"elementor-element elementor-element-b0d6bf4 e-flex e-con-boxed e-con e-parent\" data-id=\"b0d6bf4\" data-element_type=\"container\" data-settings=\"{&quot;jet_parallax_layout_list&quot;:[]}\">\n\t\t\t\t\t<div class=\"e-con-inner\">\n\t\t<div class=\"elementor-element elementor-element-1355c9b e-con-full e-flex e-con e-child\" data-id=\"1355c9b\" data-element_type=\"container\" data-settings=\"{&quot;jet_parallax_layout_list&quot;:[]}\">\n\t\t\t\t<div class=\"elementor-element elementor-element-9a23327 elementor-widget elementor-widget-text-editor\" data-id=\"9a23327\" data-element_type=\"widget\" data-widget_type=\"text-editor.default\">\n\t\t\t\t<div class=\"elementor-widget-container\">\n\t\t\t\t\t\t\t\t\t<h3>\u00a1REG\u00cdSTRATE HOY!<\/h3>\t\t\t\t\t\t\t\t<\/div>\n\t\t\t\t<\/div>\n\t\t\t\t<div class=\"elementor-element elementor-element-8743f61 elementor-widget elementor-widget-text-editor\" data-id=\"8743f61\" data-element_type=\"widget\" data-widget_type=\"text-editor.default\">\n\t\t\t\t<div class=\"elementor-widget-container\">\n\t\t\t\t\t\t\t\t\t<p><strong>\u00bfEs usted un educador que busca inspiraci\u00f3n y apoyo?<\/strong><\/p><p>\u00danase a nuestra red de profesionales apasionados comprometidos a construir un futuro m\u00e1s brillante para los estudiantes de todo el mundo.<\/p><p><strong>Como miembro, recibir\u00e1s un bolet\u00edn informativo que incluye actualizaciones sobre:<\/strong><\/p><ul><li>Talleres de <a href=\"https:\/\/philadelphia.tgrlearninglab.org\/educational-professional-learning\/\" target=\"_blank\" rel=\"noopener\">desarrollo profesional<\/a> y capacitaci\u00f3n para educadores<\/li><li>Lecciones y actividades digitales disponibles en nuestra <a href=\"\/digital\/\" target=\"_blank\" rel=\"noopener\">biblioteca digital<\/a><\/li><li>Ideas para utilizar nuestros recursos en el aula y m\u00e1s all\u00e1<\/li><li>Inscripci\u00f3n anticipada para nuestros eventos digitales y presenciales gratuitos en todo el pa\u00eds<\/li><\/ul><p> <\/p><div><strong>Juntos podemos empoderar a m\u00e1s estudiantes para que persigan sus pasiones a trav\u00e9s de la educaci\u00f3n.<\/strong><\/div>\t\t\t\t\t\t\t\t<\/div>\n\t\t\t\t<\/div>\n\t\t\t\t<\/div>\n\t\t<div class=\"elementor-element elementor-element-d272d79 e-con-full e-flex e-con e-child\" data-id=\"d272d79\" data-element_type=\"container\" data-settings=\"{&quot;background_background&quot;:&quot;classic&quot;,&quot;jet_parallax_layout_list&quot;:[]}\">\n\t\t\t\t<div class=\"elementor-element elementor-element-655a8e6 elementor-widget elementor-widget-heading\" data-id=\"655a8e6\" data-element_type=\"widget\" data-widget_type=\"heading.default\">\n\t\t\t\t<div class=\"elementor-widget-container\">\n\t\t\t\t\t<h3 class=\"elementor-heading-title elementor-size-default\">\u00a1\u00danete a nuestra comunidad!<\/h3>\t\t\t\t<\/div>\n\t\t\t\t<\/div>\n\t\t\t\t<div class=\"elementor-element elementor-element-0b7f977 elementor-widget-widescreen__width-auto elementor-widget elementor-widget-html\" data-id=\"0b7f977\" data-element_type=\"widget\" data-widget_type=\"html.default\">\n\t\t\t\t<div class=\"elementor-widget-container\">\n\t\t\t\t\t<script src=\"\/\/396-OQG-949.mktoweb.com\/js\/forms2\/js\/forms2.min.js\"><\/script> <form id=\"mktoForm_2119\"><\/form> <script>MktoForms2.loadForm(\"\/\/396-OQG-949.mktoweb.com\", \"396-OQG-949\", 2119);<\/script>\t\t\t\t<\/div>\n\t\t\t\t<\/div>\n\t\t\t\t<\/div>\n\t\t\t\t\t<\/div>\n\t\t\t\t<\/div>\n\t\t\t\t<\/div>\n\t\t","protected":false},"excerpt":{"rendered":"<p>Para Educadores TGR FOUNDATION comunidad de educadores Conectando educadores, construyendo equidad educativa \u00a1REG\u00cdSTRATE HOY! \u00bfEs usted un educador que busca inspiraci\u00f3n y apoyo? \u00danase a nuestra red de profesionales apasionados comprometidos a construir un futuro m\u00e1s brillante para los estudiantes de todo el mundo. Como miembro, recibir\u00e1s un bolet\u00edn informativo que incluye actualizaciones sobre: Talleres [&hellip;]<\/p>\n","protected":false},"author":22,"featured_media":0,"parent":29522,"menu_order":0,"comment_status":"closed","ping_status":"closed","template":"elementor_header_footer","meta":{"_acf_changed":false,"footnotes":""},"class_list":["post-29345","page","type-page","status-publish","hentry"],"acf":[],"yoast_head":"<!-- This site is optimized with the Yoast SEO plugin v24.7 - https:\/\/yoast.com\/wordpress\/plugins\/seo\/ -->\n<title>Comunidad de educadores - TGR Learning Labs - Philadelphia<\/title>\n<meta name=\"description\" content=\"Para Educadores TGR FOUNDATION comunidad de educadores Conectando educadores, construyendo equidad educativa\u00a1REG\u00cdSTRATE HOY!\u00bfEs usted un educador que\" \/>\n<meta name=\"robots\" content=\"index, follow, max-snippet:-1, max-image-preview:large, max-video-preview:-1\" \/>\n<link rel=\"canonical\" href=\"https:\/\/philadelphia.tgrlearninglab.org\/es\/programas-educativos\/comunidad-de-educadores\/\" \/>\n<meta property=\"og:locale\" content=\"es_ES\" \/>\n<meta property=\"og:type\" content=\"article\" \/>\n<meta property=\"og:title\" content=\"Comunidad de educadores - TGR Learning Labs - Philadelphia\" \/>\n<meta property=\"og:description\" content=\"Para Educadores TGR FOUNDATION comunidad de educadores Conectando educadores, construyendo equidad educativa\u00a1REG\u00cdSTRATE HOY!\u00bfEs usted un educador que\" \/>\n<meta property=\"og:url\" content=\"https:\/\/philadelphia.tgrlearninglab.org\/es\/programas-educativos\/comunidad-de-educadores\/\" \/>\n<meta property=\"og:site_name\" content=\"TGR Learning Labs - Philadelphia\" \/>\n<meta property=\"article:modified_time\" content=\"2025-12-15T00:29:59+00:00\" \/>\n<meta property=\"og:image\" content=\"https:\/\/philadelphia.tgrlearninglab.org\/wp-content\/uploads\/2025\/03\/banner_1_home-2.jpg\" \/>\n\t<meta property=\"og:image:width\" content=\"1067\" \/>\n\t<meta property=\"og:image:height\" content=\"547\" \/>\n\t<meta property=\"og:image:type\" content=\"image\/jpeg\" \/>\n<meta name=\"twitter:card\" content=\"summary_large_image\" \/>\n<meta name=\"twitter:label1\" content=\"Tiempo de lectura\" \/>\n\t<meta name=\"twitter:data1\" content=\"1 minuto\" \/>\n<script type=\"application\/ld+json\" class=\"yoast-schema-graph\">{\"@context\":\"https:\/\/schema.org\",\"@graph\":[{\"@type\":\"WebPage\",\"@id\":\"https:\/\/philadelphia.tgrlearninglab.org\/es\/programas-educativos\/comunidad-de-educadores\/\",\"url\":\"https:\/\/philadelphia.tgrlearninglab.org\/es\/programas-educativos\/comunidad-de-educadores\/\",\"name\":\"Comunidad de educadores - TGR Learning Labs - Philadelphia\",\"isPartOf\":{\"@id\":\"https:\/\/philadelphia.tgrlearninglab.org\/es\/#website\"},\"datePublished\":\"2025-02-28T17:56:01+00:00\",\"dateModified\":\"2025-12-15T00:29:59+00:00\",\"description\":\"Para Educadores TGR FOUNDATION comunidad de educadores Conectando educadores, construyendo equidad educativa\u00a1REG\u00cdSTRATE HOY!\u00bfEs usted un educador que\",\"breadcrumb\":{\"@id\":\"https:\/\/philadelphia.tgrlearninglab.org\/es\/programas-educativos\/comunidad-de-educadores\/#breadcrumb\"},\"inLanguage\":\"es\",\"potentialAction\":[{\"@type\":\"ReadAction\",\"target\":[\"https:\/\/philadelphia.tgrlearninglab.org\/es\/programas-educativos\/comunidad-de-educadores\/\"]}]},{\"@type\":\"BreadcrumbList\",\"@id\":\"https:\/\/philadelphia.tgrlearninglab.org\/es\/programas-educativos\/comunidad-de-educadores\/#breadcrumb\",\"itemListElement\":[{\"@type\":\"ListItem\",\"position\":1,\"name\":\"Home\",\"item\":\"https:\/\/philadelphia.tgrlearninglab.org\/es\/\"},{\"@type\":\"ListItem\",\"position\":2,\"name\":\"Programas educativos\",\"item\":\"https:\/\/philadelphia.tgrlearninglab.org\/es\/programas-educativos\/\"},{\"@type\":\"ListItem\",\"position\":3,\"name\":\"Comunidad de educadores\"}]},{\"@type\":\"WebSite\",\"@id\":\"https:\/\/philadelphia.tgrlearninglab.org\/es\/#website\",\"url\":\"https:\/\/philadelphia.tgrlearninglab.org\/es\/\",\"name\":\"TGR Learning Labs - Philadelphia\",\"description\":\"Empowering Students to Pursue Their Passions Through Education\",\"publisher\":{\"@id\":\"https:\/\/philadelphia.tgrlearninglab.org\/es\/#organization\"},\"potentialAction\":[{\"@type\":\"SearchAction\",\"target\":{\"@type\":\"EntryPoint\",\"urlTemplate\":\"https:\/\/philadelphia.tgrlearninglab.org\/es\/?s={search_term_string}\"},\"query-input\":{\"@type\":\"PropertyValueSpecification\",\"valueRequired\":true,\"valueName\":\"search_term_string\"}}],\"inLanguage\":\"es\"},{\"@type\":\"Organization\",\"@id\":\"https:\/\/philadelphia.tgrlearninglab.org\/es\/#organization\",\"name\":\"TGR Foundation\",\"url\":\"https:\/\/philadelphia.tgrlearninglab.org\/es\/\",\"logo\":{\"@type\":\"ImageObject\",\"inLanguage\":\"es\",\"@id\":\"https:\/\/philadelphia.tgrlearninglab.org\/es\/#\/schema\/logo\/image\/\",\"url\":\"https:\/\/philadelphia.tgrlearninglab.org\/wp-content\/uploads\/2024\/11\/Logo-2.svg\",\"contentUrl\":\"https:\/\/philadelphia.tgrlearninglab.org\/wp-content\/uploads\/2024\/11\/Logo-2.svg\",\"width\":248,\"height\":56,\"caption\":\"TGR Foundation\"},\"image\":{\"@id\":\"https:\/\/philadelphia.tgrlearninglab.org\/es\/#\/schema\/logo\/image\/\"}}]}<\/script>\n<!-- \/ Yoast SEO plugin. -->","yoast_head_json":{"title":"Comunidad de educadores - TGR Learning Labs - Philadelphia","description":"Para Educadores TGR FOUNDATION comunidad de educadores Conectando educadores, construyendo equidad educativa\u00a1REG\u00cdSTRATE HOY!\u00bfEs usted un educador que","robots":{"index":"index","follow":"follow","max-snippet":"max-snippet:-1","max-image-preview":"max-image-preview:large","max-video-preview":"max-video-preview:-1"},"canonical":"https:\/\/philadelphia.tgrlearninglab.org\/es\/programas-educativos\/comunidad-de-educadores\/","og_locale":"es_ES","og_type":"article","og_title":"Comunidad de educadores - TGR Learning Labs - Philadelphia","og_description":"Para Educadores TGR FOUNDATION comunidad de educadores Conectando educadores, construyendo equidad educativa\u00a1REG\u00cdSTRATE HOY!\u00bfEs usted un educador que","og_url":"https:\/\/philadelphia.tgrlearninglab.org\/es\/programas-educativos\/comunidad-de-educadores\/","og_site_name":"TGR Learning Labs - Philadelphia","article_modified_time":"2025-12-15T00:29:59+00:00","og_image":[{"width":1067,"height":547,"url":"https:\/\/philadelphia.tgrlearninglab.org\/wp-content\/uploads\/2025\/03\/banner_1_home-2.jpg","type":"image\/jpeg"}],"twitter_card":"summary_large_image","twitter_misc":{"Tiempo de lectura":"1 minuto"},"schema":{"@context":"https:\/\/schema.org","@graph":[{"@type":"WebPage","@id":"https:\/\/philadelphia.tgrlearninglab.org\/es\/programas-educativos\/comunidad-de-educadores\/","url":"https:\/\/philadelphia.tgrlearninglab.org\/es\/programas-educativos\/comunidad-de-educadores\/","name":"Comunidad de educadores - TGR Learning Labs - Philadelphia","isPartOf":{"@id":"https:\/\/philadelphia.tgrlearninglab.org\/es\/#website"},"datePublished":"2025-02-28T17:56:01+00:00","dateModified":"2025-12-15T00:29:59+00:00","description":"Para Educadores TGR FOUNDATION comunidad de educadores Conectando educadores, construyendo equidad educativa\u00a1REG\u00cdSTRATE HOY!\u00bfEs usted un educador que","breadcrumb":{"@id":"https:\/\/philadelphia.tgrlearninglab.org\/es\/programas-educativos\/comunidad-de-educadores\/#breadcrumb"},"inLanguage":"es","potentialAction":[{"@type":"ReadAction","target":["https:\/\/philadelphia.tgrlearninglab.org\/es\/programas-educativos\/comunidad-de-educadores\/"]}]},{"@type":"BreadcrumbList","@id":"https:\/\/philadelphia.tgrlearninglab.org\/es\/programas-educativos\/comunidad-de-educadores\/#breadcrumb","itemListElement":[{"@type":"ListItem","position":1,"name":"Home","item":"https:\/\/philadelphia.tgrlearninglab.org\/es\/"},{"@type":"ListItem","position":2,"name":"Programas educativos","item":"https:\/\/philadelphia.tgrlearninglab.org\/es\/programas-educativos\/"},{"@type":"ListItem","position":3,"name":"Comunidad de educadores"}]},{"@type":"WebSite","@id":"https:\/\/philadelphia.tgrlearninglab.org\/es\/#website","url":"https:\/\/philadelphia.tgrlearninglab.org\/es\/","name":"TGR Learning Labs - Philadelphia","description":"Empowering Students to Pursue Their Passions Through Education","publisher":{"@id":"https:\/\/philadelphia.tgrlearninglab.org\/es\/#organization"},"potentialAction":[{"@type":"SearchAction","target":{"@type":"EntryPoint","urlTemplate":"https:\/\/philadelphia.tgrlearninglab.org\/es\/?s={search_term_string}"},"query-input":{"@type":"PropertyValueSpecification","valueRequired":true,"valueName":"search_term_string"}}],"inLanguage":"es"},{"@type":"Organization","@id":"https:\/\/philadelphia.tgrlearninglab.org\/es\/#organization","name":"TGR Foundation","url":"https:\/\/philadelphia.tgrlearninglab.org\/es\/","logo":{"@type":"ImageObject","inLanguage":"es","@id":"https:\/\/philadelphia.tgrlearninglab.org\/es\/#\/schema\/logo\/image\/","url":"https:\/\/philadelphia.tgrlearninglab.org\/wp-content\/uploads\/2024\/11\/Logo-2.svg","contentUrl":"https:\/\/philadelphia.tgrlearninglab.org\/wp-content\/uploads\/2024\/11\/Logo-2.svg","width":248,"height":56,"caption":"TGR Foundation"},"image":{"@id":"https:\/\/philadelphia.tgrlearninglab.org\/es\/#\/schema\/logo\/image\/"}}]}},"featured_image_src":null,"featured_image_src_square":null,"_links":{"self":[{"href":"https:\/\/philadelphia.tgrlearninglab.org\/es\/wp-json\/wp\/v2\/pages\/29345","targetHints":{"allow":["GET"]}}],"collection":[{"href":"https:\/\/philadelphia.tgrlearninglab.org\/es\/wp-json\/wp\/v2\/pages"}],"about":[{"href":"https:\/\/philadelphia.tgrlearninglab.org\/es\/wp-json\/wp\/v2\/types\/page"}],"author":[{"embeddable":true,"href":"https:\/\/philadelphia.tgrlearninglab.org\/es\/wp-json\/wp\/v2\/users\/22"}],"replies":[{"embeddable":true,"href":"https:\/\/philadelphia.tgrlearninglab.org\/es\/wp-json\/wp\/v2\/comments?post=29345"}],"version-history":[{"count":0,"href":"https:\/\/philadelphia.tgrlearninglab.org\/es\/wp-json\/wp\/v2\/pages\/29345\/revisions"}],"up":[{"embeddable":true,"href":"https:\/\/philadelphia.tgrlearninglab.org\/es\/wp-json\/wp\/v2\/pages\/29522"}],"wp:attachment":[{"href":"https:\/\/philadelphia.tgrlearninglab.org\/es\/wp-json\/wp\/v2\/media?parent=29345"}],"curies":[{"name":"wp","href":"https:\/\/api.w.org\/{rel}","templated":true}]}}