{"id":29900,"date":"2024-09-24T04:00:44","date_gmt":"2024-09-24T04:00:44","guid":{"rendered":"https:\/\/philadelphia.tgrlearninglab.org\/sala-de-prensa\/"},"modified":"2025-12-15T00:45:40","modified_gmt":"2025-12-15T00:45:40","slug":"sala-de-prensa","status":"publish","type":"page","link":"https:\/\/philadelphia.tgrlearninglab.org\/es\/sala-de-prensa\/","title":{"rendered":"Sala de prensa"},"content":{"rendered":"\t\t<div data-elementor-type=\"wp-page\" data-elementor-id=\"29900\" class=\"elementor elementor-29900 elementor-19934\" data-elementor-post-type=\"page\">\n\t\t\t\t<div class=\"elementor-element elementor-element-7df3bbc e-con-full e-flex e-con e-parent\" data-id=\"7df3bbc\" data-element_type=\"container\" data-settings=\"{&quot;background_background&quot;:&quot;classic&quot;,&quot;jet_parallax_layout_list&quot;:[]}\">\n\t\t<div class=\"elementor-element elementor-element-0d1510c e-con-full e-flex e-con e-child\" data-id=\"0d1510c\" data-element_type=\"container\" data-settings=\"{&quot;background_background&quot;:&quot;classic&quot;,&quot;jet_parallax_layout_list&quot;:[]}\">\n\t\t\t\t<div class=\"elementor-element elementor-element-6e41ea3 elementor-widget elementor-widget-heading\" data-id=\"6e41ea3\" data-element_type=\"widget\" data-widget_type=\"heading.default\">\n\t\t\t\t<div class=\"elementor-widget-container\">\n\t\t\t\t\t<h1 class=\"elementor-heading-title elementor-size-default\">\u00daLTIMAS NOTICIAS<\/h1>\t\t\t\t<\/div>\n\t\t\t\t<\/div>\n\t\t\t\t<div class=\"elementor-element elementor-element-bc39f9b elementor-widget-tablet__width-initial elementor-widget elementor-widget-heading\" data-id=\"bc39f9b\" data-element_type=\"widget\" data-widget_type=\"heading.default\">\n\t\t\t\t<div class=\"elementor-widget-container\">\n\t\t\t\t\t<h1 class=\"elementor-heading-title elementor-size-default\">&amp; PRENSA<\/h1>\t\t\t\t<\/div>\n\t\t\t\t<\/div>\n\t\t\t\t<\/div>\n\t\t<div class=\"elementor-element elementor-element-f353edd e-con-full e-flex e-con e-child\" data-id=\"f353edd\" data-element_type=\"container\" id=\"master-overlay\" data-settings=\"{&quot;background_background&quot;:&quot;classic&quot;,&quot;position&quot;:&quot;fixed&quot;,&quot;jet_parallax_layout_list&quot;:[]}\">\n\t\t\t\t<\/div>\n\t\t\t\t<\/div>\n\t\t<div class=\"elementor-element elementor-element-5eb99c7 e-flex e-con-boxed e-con e-parent\" data-id=\"5eb99c7\" data-element_type=\"container\" data-settings=\"{&quot;jet_parallax_layout_list&quot;:[]}\">\n\t\t\t\t\t<div class=\"e-con-inner\">\n\t\t<div class=\"elementor-element elementor-element-7369b00 e-con-full e-flex e-con e-child\" data-id=\"7369b00\" data-element_type=\"container\" data-settings=\"{&quot;jet_parallax_layout_list&quot;:[]}\">\n\t\t\t\t<div class=\"elementor-element elementor-element-e2225fd elementor-widget elementor-widget-heading\" data-id=\"e2225fd\" data-element_type=\"widget\" data-widget_type=\"heading.default\">\n\t\t\t\t<div class=\"elementor-widget-container\">\n\t\t\t\t\t<h2 class=\"elementor-heading-title elementor-size-default\">Explora nuestro canal de noticias<\/h2>\t\t\t\t<\/div>\n\t\t\t\t<\/div>\n\t\t\t\t<\/div>\n\t\t<div class=\"elementor-element elementor-element-16b7e33 e-con-full e-flex e-con e-child\" data-id=\"16b7e33\" data-element_type=\"container\" data-settings=\"{&quot;jet_parallax_layout_list&quot;:[]}\">\n\t\t\t\t<div class=\"elementor-element elementor-element-db00e81 elementor-align-center seeall-button elementor-button-default elementor-widget elementor-widget-button\" data-id=\"db00e81\" data-element_type=\"widget\" data-widget_type=\"button.default\">\n\t\t\t\t<div class=\"elementor-widget-container\">\n\t\t\t\t\t\t\t\t\t<div class=\"elementor-button-wrapper\">\n\t\t\t\t\t<a class=\"elementor-button elementor-button-link elementor-size-sm\" href=\"https:\/\/philadelphia.tgrlearninglab.org\/es\/noticias\/\">\n\t\t\t\t\t\t<span class=\"elementor-button-content-wrapper\">\n\t\t\t\t\t\t<span class=\"elementor-button-icon\">\n\t\t\t\t<i aria-hidden=\"true\" class=\"icon icon-arrow-right\"><\/i>\t\t\t<\/span>\n\t\t\t\t\t\t\t\t\t<span class=\"elementor-button-text\">ver todas las noticias<\/span>\n\t\t\t\t\t<\/span>\n\t\t\t\t\t<\/a>\n\t\t\t\t<\/div>\n\t\t\t\t\t\t\t\t<\/div>\n\t\t\t\t<\/div>\n\t\t\t\t<div class=\"elementor-element elementor-element-c0bd0fd elementor-widget elementor-widget-menu-anchor\" data-id=\"c0bd0fd\" data-element_type=\"widget\" data-widget_type=\"menu-anchor.default\">\n\t\t\t\t<div class=\"elementor-widget-container\">\n\t\t\t\t\t\t\t<div class=\"elementor-menu-anchor\" id=\"championvideos\"><\/div>\n\t\t\t\t\t\t<\/div>\n\t\t\t\t<\/div>\n\t\t\t\t<\/div>\n\t\t\t\t\t<\/div>\n\t\t\t\t<\/div>\n\t\t<div class=\"elementor-element elementor-element-3722e44 e-flex e-con-boxed e-con e-parent\" data-id=\"3722e44\" data-element_type=\"container\" data-settings=\"{&quot;background_background&quot;:&quot;classic&quot;,&quot;jet_parallax_layout_list&quot;:[]}\">\n\t\t\t\t\t<div class=\"e-con-inner\">\n\t\t\t\t<div class=\"elementor-element elementor-element-cd0da1a elementor-widget-mobile__width-inherit elementor-widget elementor-widget-heading\" data-id=\"cd0da1a\" data-element_type=\"widget\" data-widget_type=\"heading.default\">\n\t\t\t\t<div class=\"elementor-widget-container\">\n\t\t\t\t\t<h2 class=\"elementor-heading-title elementor-size-default\">EXPLORA NUESTROS VIDEOS DESTACADOS DE CAMPEONES<\/h2>\t\t\t\t<\/div>\n\t\t\t\t<\/div>\n\t\t<div class=\"elementor-element elementor-element-fc06be9 e-con-full e-flex e-con e-child\" data-id=\"fc06be9\" data-element_type=\"container\" data-settings=\"{&quot;jet_parallax_layout_list&quot;:[]}\">\n\t\t<div class=\"elementor-element elementor-element-f5d007c e-con-full e-flex e-con e-child\" data-id=\"f5d007c\" data-element_type=\"container\" data-settings=\"{&quot;jet_parallax_layout_list&quot;:[]}\">\n\t\t\t\t<div class=\"elementor-element elementor-element-dee6294 elementor-widget elementor-widget-jet-carousel\" data-id=\"dee6294\" data-element_type=\"widget\" data-settings=\"{&quot;slides_to_show&quot;:&quot;3&quot;,&quot;slides_to_show_tablet&quot;:&quot;2&quot;,&quot;slides_to_show_mobile_extra&quot;:&quot;2&quot;,&quot;slides_to_show_mobile&quot;:&quot;1&quot;,&quot;slides_to_scroll&quot;:&quot;1&quot;}\" data-widget_type=\"jet-carousel.default\">\n\t\t\t\t<div class=\"elementor-widget-container\">\n\t\t\t\t\t<div class=\"elementor-jet-carousel jet-elements\"><div class=\"jet-carousel-wrap\">\n\t<div class=\"jet-carousel\" data-slider_options=\"{&quot;autoplaySpeed&quot;:5000,&quot;autoplay&quot;:false,&quot;infinite&quot;:true,&quot;centerMode&quot;:false,&quot;centerPadding&quot;:&quot;50px&quot;,&quot;pauseOnHover&quot;:true,&quot;speed&quot;:500,&quot;arrows&quot;:true,&quot;dots&quot;:true,&quot;variableWidth&quot;:false,&quot;prevArrow&quot;:&quot;.jet-carousel__prev-arrow-dee6294&quot;,&quot;nextArrow&quot;:&quot;.jet-carousel__next-arrow-dee6294&quot;,&quot;rtl&quot;:false,&quot;fractionNav&quot;:false}\" dir=\"ltr\">\n\t<div class=\"elementor-slick-slider\">\n\n<div class=\"jet-carousel__item\">\n\t<div class=\"jet-carousel__item-inner\"><div class=\"jet-carousel__content\"><\/div><\/div>\n<\/div>\n\n<div class=\"jet-carousel__item\">\n\t<div class=\"jet-carousel__item-inner\"><div class=\"jet-carousel__content\"><\/div><\/div>\n<\/div>\n\n<div class=\"jet-carousel__item\">\n\t<div class=\"jet-carousel__item-inner\"><div class=\"jet-carousel__content\"><\/div><\/div>\n<\/div>\n\n<div class=\"jet-carousel__item\">\n\t<div class=\"jet-carousel__item-inner\"><div class=\"jet-carousel__content\"><\/div><\/div>\n<\/div>\n\n<div class=\"jet-carousel__item\">\n\t<div class=\"jet-carousel__item-inner\"><div class=\"jet-carousel__content\"><\/div><\/div>\n<\/div>\n\n<div class=\"jet-carousel__item\">\n\t<div class=\"jet-carousel__item-inner\"><div class=\"jet-carousel__content\"><\/div><\/div>\n<\/div>\n\n<div class=\"jet-carousel__item\">\n\t<div class=\"jet-carousel__item-inner\"><div class=\"jet-carousel__content\"><\/div><\/div>\n<\/div>\n\n<div class=\"jet-carousel__item\">\n\t<div class=\"jet-carousel__item-inner\"><div class=\"jet-carousel__content\"><\/div><\/div>\n<\/div>\n<\/div><div class=\"jet-carousel__prev-arrow-dee6294 jet-arrow prev-arrow\"><i aria-hidden=\"true\" class=\"icon icon-left-arrow\"><\/i><\/div><div class=\"jet-carousel__next-arrow-dee6294 jet-arrow next-arrow\"><i aria-hidden=\"true\" class=\"icon icon-right-arrow\"><\/i><\/div><\/div>\n<\/div>\n<\/div>\t\t\t\t<\/div>\n\t\t\t\t<\/div>\n\t\t\t\t<\/div>\n\t\t\t\t<\/div>\n\t\t\t\t<div class=\"elementor-element elementor-element-dd8b0dd elementor-align-center elementor-button-default elementor-widget elementor-widget-button\" data-id=\"dd8b0dd\" data-element_type=\"widget\" data-widget_type=\"button.default\">\n\t\t\t\t<div class=\"elementor-widget-container\">\n\t\t\t\t\t\t\t\t\t<div class=\"elementor-button-wrapper\">\n\t\t\t\t\t<a class=\"elementor-button elementor-button-link elementor-size-sm\" href=\"\/newsroom\/champion-videos\/\">\n\t\t\t\t\t\t<span class=\"elementor-button-content-wrapper\">\n\t\t\t\t\t\t\t\t\t<span class=\"elementor-button-text\">ver todos los v\u00eddeos<\/span>\n\t\t\t\t\t<\/span>\n\t\t\t\t\t<\/a>\n\t\t\t\t<\/div>\n\t\t\t\t\t\t\t\t<\/div>\n\t\t\t\t<\/div>\n\t\t\t\t\t<\/div>\n\t\t\t\t<\/div>\n\t\t<div class=\"elementor-element elementor-element-c51a730 e-flex e-con-boxed e-con e-parent\" data-id=\"c51a730\" data-element_type=\"container\" data-settings=\"{&quot;jet_parallax_layout_list&quot;:[]}\">\n\t\t\t\t\t<div class=\"e-con-inner\">\n\t\t<div class=\"elementor-element elementor-element-4825fb0 e-con-full e-flex e-con e-child\" data-id=\"4825fb0\" data-element_type=\"container\" data-settings=\"{&quot;jet_parallax_layout_list&quot;:[]}\">\n\t\t\t\t<div class=\"elementor-element elementor-element-3d044b6 elementor-widget elementor-widget-heading\" data-id=\"3d044b6\" data-element_type=\"widget\" data-widget_type=\"heading.default\">\n\t\t\t\t<div class=\"elementor-widget-container\">\n\t\t\t\t\t<h2 class=\"elementor-heading-title elementor-size-default\">TGR Foundation en los medios<\/h2>\t\t\t\t<\/div>\n\t\t\t\t<\/div>\n\t\t\t\t<\/div>\n\t\t<div class=\"elementor-element elementor-element-3ab05ad e-con-full e-flex e-con e-child\" data-id=\"3ab05ad\" data-element_type=\"container\" data-settings=\"{&quot;jet_parallax_layout_list&quot;:[]}\">\n\t\t\t\t<div class=\"elementor-element elementor-element-f6d6764 elementor-align-center seeall-button elementor-button-default elementor-widget elementor-widget-button\" data-id=\"f6d6764\" data-element_type=\"widget\" data-widget_type=\"button.default\">\n\t\t\t\t<div class=\"elementor-widget-container\">\n\t\t\t\t\t\t\t\t\t<div class=\"elementor-button-wrapper\">\n\t\t\t\t\t<a class=\"elementor-button elementor-button-link elementor-size-sm\" href=\"https:\/\/tgrfoundation.org\/newsroom\/in-the-media\/\" target=\"_blank\">\n\t\t\t\t\t\t<span class=\"elementor-button-content-wrapper\">\n\t\t\t\t\t\t<span class=\"elementor-button-icon\">\n\t\t\t\t<i aria-hidden=\"true\" class=\"icon icon-arrow-right\"><\/i>\t\t\t<\/span>\n\t\t\t\t\t\t\t\t\t<span class=\"elementor-button-text\">Toda la prensa reciente<\/span>\n\t\t\t\t\t<\/span>\n\t\t\t\t\t<\/a>\n\t\t\t\t<\/div>\n\t\t\t\t\t\t\t\t<\/div>\n\t\t\t\t<\/div>\n\t\t\t\t<\/div>\n\t\t\t\t\t<\/div>\n\t\t\t\t<\/div>\n\t\t<div class=\"elementor-element elementor-element-a99fbe7 e-flex e-con-boxed e-con e-parent\" data-id=\"a99fbe7\" data-element_type=\"container\" data-settings=\"{&quot;jet_parallax_layout_list&quot;:[]}\">\n\t\t\t\t\t<div class=\"e-con-inner\">\n\t\t\t\t<div class=\"elementor-element elementor-element-92fcb7d elementor-widget elementor-widget-heading\" data-id=\"92fcb7d\" data-element_type=\"widget\" data-widget_type=\"heading.default\">\n\t\t\t\t<div class=\"elementor-widget-container\">\n\t\t\t\t\t<h2 class=\"elementor-heading-title elementor-size-default\">SUSCR\u00cdBETE A NUESTRO BOLET\u00cdN INFORMATIVO <\/h2>\t\t\t\t<\/div>\n\t\t\t\t<\/div>\n\t\t\t\t<div class=\"elementor-element elementor-element-f37b3a9 elementor-widget elementor-widget-text-editor\" data-id=\"f37b3a9\" data-element_type=\"widget\" data-widget_type=\"text-editor.default\">\n\t\t\t\t<div class=\"elementor-widget-container\">\n\t\t\t\t\t\t\t\t\tMant\u00e9ngase actualizado sobre las \u00faltimas noticias, actualizaciones program\u00e1ticas, aspectos destacados del impacto estudiantil y m\u00e1s de la Fundaci\u00f3n TGR uni\u00e9ndose a nuestro bolet\u00edn electr\u00f3nico. \t\t\t\t\t\t\t\t<\/div>\n\t\t\t\t<\/div>\n\t\t\t\t<div class=\"elementor-element elementor-element-f7f7c06 elementor-align-center elementor-button-default elementor-widget elementor-widget-button\" data-id=\"f7f7c06\" data-element_type=\"widget\" data-widget_type=\"button.default\">\n\t\t\t\t<div class=\"elementor-widget-container\">\n\t\t\t\t\t\t\t\t\t<div class=\"elementor-button-wrapper\">\n\t\t\t\t\t<a class=\"elementor-button elementor-button-link elementor-size-sm\" href=\"https:\/\/tgrfoundation.org\/newsletter-sign-up\/\">\n\t\t\t\t\t\t<span class=\"elementor-button-content-wrapper\">\n\t\t\t\t\t\t\t\t\t<span class=\"elementor-button-text\">\u00danete a nosotros<\/span>\n\t\t\t\t\t<\/span>\n\t\t\t\t\t<\/a>\n\t\t\t\t<\/div>\n\t\t\t\t\t\t\t\t<\/div>\n\t\t\t\t<\/div>\n\t\t\t\t\t<\/div>\n\t\t\t\t<\/div>\n\t\t\t\t<\/div>\n\t\t","protected":false},"excerpt":{"rendered":"<p>\u00daLTIMAS NOTICIAS &amp; PRENSA Explora nuestro canal de noticias ver todas las noticias EXPLORA NUESTROS VIDEOS DESTACADOS DE CAMPEONES ver todos los v\u00eddeos TGR Foundation en los medios Toda la prensa reciente SUSCR\u00cdBETE A NUESTRO BOLET\u00cdN INFORMATIVO Mant\u00e9ngase actualizado sobre las \u00faltimas noticias, actualizaciones program\u00e1ticas, aspectos destacados del impacto estudiantil y m\u00e1s de la Fundaci\u00f3n [&hellip;]<\/p>\n","protected":false},"author":1,"featured_media":0,"parent":0,"menu_order":0,"comment_status":"closed","ping_status":"closed","template":"elementor_header_footer","meta":{"_acf_changed":false,"footnotes":""},"class_list":["post-29900","page","type-page","status-publish","hentry"],"acf":[],"yoast_head":"<!-- This site is optimized with the Yoast SEO plugin v24.7 - https:\/\/yoast.com\/wordpress\/plugins\/seo\/ -->\n<title>Sala de prensa - TGR Learning Labs - Philadelphia<\/title>\n<meta name=\"description\" content=\"\u00daLTIMAS NOTICIAS &amp; PRENSA Explora nuestro canal de noticias ver todas las noticias EXPLORA NUESTROS VIDEOS DESTACADOS DE CAMPEONES ver todos los\" \/>\n<meta name=\"robots\" content=\"index, follow, max-snippet:-1, max-image-preview:large, max-video-preview:-1\" \/>\n<link rel=\"canonical\" href=\"https:\/\/philadelphia.tgrlearninglab.org\/es\/sala-de-prensa\/\" \/>\n<meta property=\"og:locale\" content=\"es_ES\" \/>\n<meta property=\"og:type\" content=\"article\" \/>\n<meta property=\"og:title\" content=\"Sala de prensa - TGR Learning Labs - Philadelphia\" \/>\n<meta property=\"og:description\" content=\"\u00daLTIMAS NOTICIAS &amp; PRENSA Explora nuestro canal de noticias ver todas las noticias EXPLORA NUESTROS VIDEOS DESTACADOS DE CAMPEONES ver todos los\" \/>\n<meta property=\"og:url\" content=\"https:\/\/philadelphia.tgrlearninglab.org\/es\/sala-de-prensa\/\" \/>\n<meta property=\"og:site_name\" content=\"TGR Learning Labs - Philadelphia\" \/>\n<meta property=\"article:modified_time\" content=\"2025-12-15T00:45:40+00:00\" \/>\n<meta property=\"og:image\" content=\"https:\/\/philadelphia.tgrlearninglab.org\/wp-content\/uploads\/2025\/03\/banner_1_home-2.jpg\" \/>\n\t<meta property=\"og:image:width\" content=\"1067\" \/>\n\t<meta property=\"og:image:height\" content=\"547\" \/>\n\t<meta property=\"og:image:type\" content=\"image\/jpeg\" \/>\n<meta name=\"twitter:card\" content=\"summary_large_image\" \/>\n<script type=\"application\/ld+json\" class=\"yoast-schema-graph\">{\"@context\":\"https:\/\/schema.org\",\"@graph\":[{\"@type\":\"WebPage\",\"@id\":\"https:\/\/philadelphia.tgrlearninglab.org\/es\/sala-de-prensa\/\",\"url\":\"https:\/\/philadelphia.tgrlearninglab.org\/es\/sala-de-prensa\/\",\"name\":\"Sala de prensa - TGR Learning Labs - Philadelphia\",\"isPartOf\":{\"@id\":\"https:\/\/philadelphia.tgrlearninglab.org\/es\/#website\"},\"datePublished\":\"2024-09-24T04:00:44+00:00\",\"dateModified\":\"2025-12-15T00:45:40+00:00\",\"description\":\"\u00daLTIMAS NOTICIAS &amp; PRENSA Explora nuestro canal de noticias ver todas las noticias EXPLORA NUESTROS VIDEOS DESTACADOS DE CAMPEONES ver todos los\",\"breadcrumb\":{\"@id\":\"https:\/\/philadelphia.tgrlearninglab.org\/es\/sala-de-prensa\/#breadcrumb\"},\"inLanguage\":\"es\",\"potentialAction\":[{\"@type\":\"ReadAction\",\"target\":[\"https:\/\/philadelphia.tgrlearninglab.org\/es\/sala-de-prensa\/\"]}]},{\"@type\":\"BreadcrumbList\",\"@id\":\"https:\/\/philadelphia.tgrlearninglab.org\/es\/sala-de-prensa\/#breadcrumb\",\"itemListElement\":[{\"@type\":\"ListItem\",\"position\":1,\"name\":\"Home\",\"item\":\"https:\/\/philadelphia.tgrlearninglab.org\/es\/\"},{\"@type\":\"ListItem\",\"position\":2,\"name\":\"Sala de prensa\"}]},{\"@type\":\"WebSite\",\"@id\":\"https:\/\/philadelphia.tgrlearninglab.org\/es\/#website\",\"url\":\"https:\/\/philadelphia.tgrlearninglab.org\/es\/\",\"name\":\"TGR Learning Labs - Philadelphia\",\"description\":\"Empowering Students to Pursue Their Passions Through Education\",\"publisher\":{\"@id\":\"https:\/\/philadelphia.tgrlearninglab.org\/es\/#organization\"},\"potentialAction\":[{\"@type\":\"SearchAction\",\"target\":{\"@type\":\"EntryPoint\",\"urlTemplate\":\"https:\/\/philadelphia.tgrlearninglab.org\/es\/?s={search_term_string}\"},\"query-input\":{\"@type\":\"PropertyValueSpecification\",\"valueRequired\":true,\"valueName\":\"search_term_string\"}}],\"inLanguage\":\"es\"},{\"@type\":\"Organization\",\"@id\":\"https:\/\/philadelphia.tgrlearninglab.org\/es\/#organization\",\"name\":\"TGR Foundation\",\"url\":\"https:\/\/philadelphia.tgrlearninglab.org\/es\/\",\"logo\":{\"@type\":\"ImageObject\",\"inLanguage\":\"es\",\"@id\":\"https:\/\/philadelphia.tgrlearninglab.org\/es\/#\/schema\/logo\/image\/\",\"url\":\"https:\/\/philadelphia.tgrlearninglab.org\/wp-content\/uploads\/2024\/11\/Logo-2.svg\",\"contentUrl\":\"https:\/\/philadelphia.tgrlearninglab.org\/wp-content\/uploads\/2024\/11\/Logo-2.svg\",\"width\":248,\"height\":56,\"caption\":\"TGR Foundation\"},\"image\":{\"@id\":\"https:\/\/philadelphia.tgrlearninglab.org\/es\/#\/schema\/logo\/image\/\"}}]}<\/script>\n<!-- \/ Yoast SEO plugin. -->","yoast_head_json":{"title":"Sala de prensa - TGR Learning Labs - Philadelphia","description":"\u00daLTIMAS NOTICIAS &amp; PRENSA Explora nuestro canal de noticias ver todas las noticias EXPLORA NUESTROS VIDEOS DESTACADOS DE CAMPEONES ver todos los","robots":{"index":"index","follow":"follow","max-snippet":"max-snippet:-1","max-image-preview":"max-image-preview:large","max-video-preview":"max-video-preview:-1"},"canonical":"https:\/\/philadelphia.tgrlearninglab.org\/es\/sala-de-prensa\/","og_locale":"es_ES","og_type":"article","og_title":"Sala de prensa - TGR Learning Labs - Philadelphia","og_description":"\u00daLTIMAS NOTICIAS &amp; PRENSA Explora nuestro canal de noticias ver todas las noticias EXPLORA NUESTROS VIDEOS DESTACADOS DE CAMPEONES ver todos los","og_url":"https:\/\/philadelphia.tgrlearninglab.org\/es\/sala-de-prensa\/","og_site_name":"TGR Learning Labs - Philadelphia","article_modified_time":"2025-12-15T00:45:40+00:00","og_image":[{"width":1067,"height":547,"url":"https:\/\/philadelphia.tgrlearninglab.org\/wp-content\/uploads\/2025\/03\/banner_1_home-2.jpg","type":"image\/jpeg"}],"twitter_card":"summary_large_image","schema":{"@context":"https:\/\/schema.org","@graph":[{"@type":"WebPage","@id":"https:\/\/philadelphia.tgrlearninglab.org\/es\/sala-de-prensa\/","url":"https:\/\/philadelphia.tgrlearninglab.org\/es\/sala-de-prensa\/","name":"Sala de prensa - TGR Learning Labs - Philadelphia","isPartOf":{"@id":"https:\/\/philadelphia.tgrlearninglab.org\/es\/#website"},"datePublished":"2024-09-24T04:00:44+00:00","dateModified":"2025-12-15T00:45:40+00:00","description":"\u00daLTIMAS NOTICIAS &amp; PRENSA Explora nuestro canal de noticias ver todas las noticias EXPLORA NUESTROS VIDEOS DESTACADOS DE CAMPEONES ver todos los","breadcrumb":{"@id":"https:\/\/philadelphia.tgrlearninglab.org\/es\/sala-de-prensa\/#breadcrumb"},"inLanguage":"es","potentialAction":[{"@type":"ReadAction","target":["https:\/\/philadelphia.tgrlearninglab.org\/es\/sala-de-prensa\/"]}]},{"@type":"BreadcrumbList","@id":"https:\/\/philadelphia.tgrlearninglab.org\/es\/sala-de-prensa\/#breadcrumb","itemListElement":[{"@type":"ListItem","position":1,"name":"Home","item":"https:\/\/philadelphia.tgrlearninglab.org\/es\/"},{"@type":"ListItem","position":2,"name":"Sala de prensa"}]},{"@type":"WebSite","@id":"https:\/\/philadelphia.tgrlearninglab.org\/es\/#website","url":"https:\/\/philadelphia.tgrlearninglab.org\/es\/","name":"TGR Learning Labs - Philadelphia","description":"Empowering Students to Pursue Their Passions Through Education","publisher":{"@id":"https:\/\/philadelphia.tgrlearninglab.org\/es\/#organization"},"potentialAction":[{"@type":"SearchAction","target":{"@type":"EntryPoint","urlTemplate":"https:\/\/philadelphia.tgrlearninglab.org\/es\/?s={search_term_string}"},"query-input":{"@type":"PropertyValueSpecification","valueRequired":true,"valueName":"search_term_string"}}],"inLanguage":"es"},{"@type":"Organization","@id":"https:\/\/philadelphia.tgrlearninglab.org\/es\/#organization","name":"TGR Foundation","url":"https:\/\/philadelphia.tgrlearninglab.org\/es\/","logo":{"@type":"ImageObject","inLanguage":"es","@id":"https:\/\/philadelphia.tgrlearninglab.org\/es\/#\/schema\/logo\/image\/","url":"https:\/\/philadelphia.tgrlearninglab.org\/wp-content\/uploads\/2024\/11\/Logo-2.svg","contentUrl":"https:\/\/philadelphia.tgrlearninglab.org\/wp-content\/uploads\/2024\/11\/Logo-2.svg","width":248,"height":56,"caption":"TGR Foundation"},"image":{"@id":"https:\/\/philadelphia.tgrlearninglab.org\/es\/#\/schema\/logo\/image\/"}}]}},"featured_image_src":null,"featured_image_src_square":null,"_links":{"self":[{"href":"https:\/\/philadelphia.tgrlearninglab.org\/es\/wp-json\/wp\/v2\/pages\/29900","targetHints":{"allow":["GET"]}}],"collection":[{"href":"https:\/\/philadelphia.tgrlearninglab.org\/es\/wp-json\/wp\/v2\/pages"}],"about":[{"href":"https:\/\/philadelphia.tgrlearninglab.org\/es\/wp-json\/wp\/v2\/types\/page"}],"author":[{"embeddable":true,"href":"https:\/\/philadelphia.tgrlearninglab.org\/es\/wp-json\/wp\/v2\/users\/1"}],"replies":[{"embeddable":true,"href":"https:\/\/philadelphia.tgrlearninglab.org\/es\/wp-json\/wp\/v2\/comments?post=29900"}],"version-history":[{"count":0,"href":"https:\/\/philadelphia.tgrlearninglab.org\/es\/wp-json\/wp\/v2\/pages\/29900\/revisions"}],"wp:attachment":[{"href":"https:\/\/philadelphia.tgrlearninglab.org\/es\/wp-json\/wp\/v2\/media?parent=29900"}],"curies":[{"name":"wp","href":"https:\/\/api.w.org\/{rel}","templated":true}]}}